{"id":4474,"date":"2023-09-25T11:43:42","date_gmt":"2023-09-25T14:43:42","guid":{"rendered":"https:\/\/pronaoscaraguatatuba.com.br\/?page_id=4474"},"modified":"2026-02-03T14:52:34","modified_gmt":"2026-02-03T17:52:34","slug":"convite-convidados-do-pronaos","status":"publish","type":"page","link":"https:\/\/pronaoscaraguatatuba.com.br\/index.php\/convite-convidados-do-pronaos\/","title":{"rendered":"convite convidados do pronaos"},"content":{"rendered":"<div class=\"wpforms-container \" id=\"wpforms-4470\"><form id=\"wpforms-form-4470\" class=\"wpforms-validate wpforms-form wpforms-ajax-form\" data-formid=\"4470\" method=\"post\" enctype=\"multipart\/form-data\" action=\"\/index.php\/wp-json\/wp\/v2\/pages\/4474\" data-token=\"64baa7b9a099fc3814c5eb780988dfbc\" data-token-time=\"1778589448\"><noscript class=\"wpforms-error-noscript\">Ative o JavaScript no seu navegador para preencher este formul\u00e1rio.<\/noscript><div class=\"wpforms-field-container\"><div id=\"wpforms-4470-field_0-container\" class=\"wpforms-field wpforms-field-name\" data-field-id=\"0\"><label class=\"wpforms-field-label\">Bem vindo, Buscador(a)  ! Para fazer parte da Confraria dos Convidados do Pronaos,  e ser convidado para nossas palestras e grupos de estudo restrito, precisamos de alguns dados : <span class=\"wpforms-required-label\">*<\/span><\/label><div class=\"wpforms-field-row wpforms-field-large\"><div class=\"wpforms-field-row-block wpforms-first wpforms-one-half\"><input type=\"text\" id=\"wpforms-4470-field_0\" class=\"wpforms-field-name-first wpforms-field-required\" name=\"wpforms[fields][0][first]\" required><label for=\"wpforms-4470-field_0\" class=\"wpforms-field-sublabel after\">Nome<\/label><\/div><div class=\"wpforms-field-row-block wpforms-one-half\"><input type=\"text\" id=\"wpforms-4470-field_0-last\" class=\"wpforms-field-name-last wpforms-field-required\" name=\"wpforms[fields][0][last]\" required><label for=\"wpforms-4470-field_0-last\" class=\"wpforms-field-sublabel after\">Sobrenome<\/label><\/div><\/div><\/div><div id=\"wpforms-4470-field_16-container\" class=\"wpforms-field wpforms-field-text\" data-field-id=\"16\"><label class=\"wpforms-field-label\" for=\"wpforms-4470-field_16\">Nascimento:<\/label><input type=\"text\" id=\"wpforms-4470-field_16\" class=\"wpforms-field-medium\" name=\"wpforms[fields][16]\" placeholder=\"MM\/DD\/YYYY\" ><\/div><div id=\"wpforms-4470-field_7-container\" class=\"wpforms-field wpforms-field-checkbox wpforms-list-2-columns\" data-field-id=\"7\"><label class=\"wpforms-field-label\">Quais os estudos ou mat\u00e9rias que mais lhe interessam ? <span class=\"wpforms-required-label\">*<\/span><\/label><ul id=\"wpforms-4470-field_7\" class=\"wpforms-field-required\"><li class=\"choice-1 depth-1\"><input type=\"checkbox\" id=\"wpforms-4470-field_7_1\" name=\"wpforms[fields][7][]\" value=\"Espiritualidade geral\" required ><label class=\"wpforms-field-label-inline\" for=\"wpforms-4470-field_7_1\">Espiritualidade geral<\/label><\/li><li class=\"choice-2 depth-1\"><input type=\"checkbox\" id=\"wpforms-4470-field_7_2\" name=\"wpforms[fields][7][]\" value=\"Reencarna\u00e7\u00e3o\" required ><label class=\"wpforms-field-label-inline\" for=\"wpforms-4470-field_7_2\">Reencarna\u00e7\u00e3o<\/label><\/li><li class=\"choice-3 depth-1\"><input type=\"checkbox\" id=\"wpforms-4470-field_7_3\" name=\"wpforms[fields][7][]\" value=\"Egito Antigo\" required ><label class=\"wpforms-field-label-inline\" for=\"wpforms-4470-field_7_3\">Egito Antigo<\/label><\/li><li class=\"choice-4 depth-1\"><input type=\"checkbox\" id=\"wpforms-4470-field_7_4\" name=\"wpforms[fields][7][]\" value=\"Magia\" required ><label class=\"wpforms-field-label-inline\" for=\"wpforms-4470-field_7_4\">Magia<\/label><\/li><li class=\"choice-5 depth-1\"><input type=\"checkbox\" id=\"wpforms-4470-field_7_5\" name=\"wpforms[fields][7][]\" value=\"Radiestesia ( P\u00eandulo )\" required ><label class=\"wpforms-field-label-inline\" for=\"wpforms-4470-field_7_5\">Radiestesia ( P\u00eandulo )<\/label><\/li><li class=\"choice-6 depth-1\"><input type=\"checkbox\" id=\"wpforms-4470-field_7_6\" name=\"wpforms[fields][7][]\" value=\"Cristianismo Primitivo\" required ><label class=\"wpforms-field-label-inline\" for=\"wpforms-4470-field_7_6\">Cristianismo Primitivo<\/label><\/li><li class=\"choice-7 depth-1\"><input type=\"checkbox\" id=\"wpforms-4470-field_7_7\" name=\"wpforms[fields][7][]\" value=\"Proje\u00e7\u00e3o Astral\" required ><label class=\"wpforms-field-label-inline\" for=\"wpforms-4470-field_7_7\">Proje\u00e7\u00e3o Astral<\/label><\/li><li class=\"choice-9 depth-1\"><input type=\"checkbox\" id=\"wpforms-4470-field_7_9\" name=\"wpforms[fields][7][]\" value=\"Telepatia\" required ><label class=\"wpforms-field-label-inline\" for=\"wpforms-4470-field_7_9\">Telepatia<\/label><\/li><li class=\"choice-8 depth-1\"><input type=\"checkbox\" id=\"wpforms-4470-field_7_8\" name=\"wpforms[fields][7][]\" value=\"Alquimia\" required ><label class=\"wpforms-field-label-inline\" for=\"wpforms-4470-field_7_8\">Alquimia<\/label><\/li><li class=\"choice-10 depth-1\"><input type=\"checkbox\" id=\"wpforms-4470-field_7_10\" name=\"wpforms[fields][7][]\" value=\"Telecinesia\" required ><label class=\"wpforms-field-label-inline\" for=\"wpforms-4470-field_7_10\">Telecinesia<\/label><\/li><\/ul><\/div><div id=\"wpforms-4470-field_1-container\" class=\"wpforms-field wpforms-field-email\" data-field-id=\"1\"><label class=\"wpforms-field-label\" for=\"wpforms-4470-field_1\">Seu email para contato <span class=\"wpforms-required-label\">*<\/span><\/label><input type=\"email\" id=\"wpforms-4470-field_1\" class=\"wpforms-field-medium wpforms-field-required\" name=\"wpforms[fields][1]\" spellcheck=\"false\" required><\/div><div id=\"wpforms-4470-field_17-container\" class=\"wpforms-field wpforms-field-text\" data-field-id=\"17\"><label class=\"wpforms-field-label\" for=\"wpforms-4470-field_17\">N\u00famero para Whatsapp <span class=\"wpforms-required-label\">*<\/span><\/label><input type=\"text\" id=\"wpforms-4470-field_17\" class=\"wpforms-field-medium wpforms-field-required\" name=\"wpforms[fields][17]\" required><\/div><div id=\"wpforms-4470-field_21-container\" class=\"wpforms-field wpforms-field-text\" data-field-id=\"21\"><label class=\"wpforms-field-label\" for=\"wpforms-4470-field_21\">Se puder nos diga: Como encontrou a Rosacruz ? ( n\u00e3o \u00e9 obrigat\u00f3rio )<\/label><input type=\"text\" id=\"wpforms-4470-field_21\" class=\"wpforms-field-medium\" name=\"wpforms[fields][21]\" ><\/div><div id=\"wpforms-4470-field_22-container\" class=\"wpforms-field wpforms-field-checkbox\" data-field-id=\"22\"><label class=\"wpforms-field-label\">Deseja se tornar um Rosacruz ? <span class=\"wpforms-required-label\">*<\/span><\/label><ul id=\"wpforms-4470-field_22\" class=\"wpforms-field-required\"><li class=\"choice-1 depth-1\"><input type=\"checkbox\" id=\"wpforms-4470-field_22_1\" name=\"wpforms[fields][22][]\" value=\"Sim, me interessa\" required ><label class=\"wpforms-field-label-inline\" for=\"wpforms-4470-field_22_1\">Sim, me interessa<\/label><\/li><li class=\"choice-2 depth-1\"><input type=\"checkbox\" id=\"wpforms-4470-field_22_2\" name=\"wpforms[fields][22][]\" value=\"Quero conhecer o Pronaos  primeiro\" required ><label class=\"wpforms-field-label-inline\" for=\"wpforms-4470-field_22_2\">Quero conhecer o Pronaos  primeiro<\/label><\/li><li class=\"choice-3 depth-1\"><input type=\"checkbox\" id=\"wpforms-4470-field_22_3\" name=\"wpforms[fields][22][]\" value=\"N\u00e3o tenho interesse, somente nas palestras.\" required ><label class=\"wpforms-field-label-inline\" for=\"wpforms-4470-field_22_3\">N\u00e3o tenho interesse, somente nas palestras.<\/label><\/li><\/ul><\/div><div id=\"wpforms-4470-field_26-container\" class=\"wpforms-field wpforms-field-radio\" data-field-id=\"26\"><label class=\"wpforms-field-label\">Quer receber gratuitamente um pdf explicando sobre a Ordem ? <span class=\"wpforms-required-label\">*<\/span><\/label><ul id=\"wpforms-4470-field_26\" class=\"wpforms-field-required\"><li class=\"choice-1 depth-1\"><input type=\"radio\" id=\"wpforms-4470-field_26_1\" name=\"wpforms[fields][26]\" value=\"Sim\" required ><label class=\"wpforms-field-label-inline\" for=\"wpforms-4470-field_26_1\">Sim<\/label><\/li><li class=\"choice-2 depth-1\"><input type=\"radio\" id=\"wpforms-4470-field_26_2\" name=\"wpforms[fields][26]\" value=\"N\u00e3o tenho interesse.\" required ><label class=\"wpforms-field-label-inline\" for=\"wpforms-4470-field_26_2\">N\u00e3o tenho interesse.<\/label><\/li><\/ul><\/div><div id=\"wpforms-4470-field_25-container\" class=\"wpforms-field wpforms-field-textarea\" data-field-id=\"25\"><label class=\"wpforms-field-label\" for=\"wpforms-4470-field_25\">Se quiser se apresentar, fique a vontade ! (n\u00e3o \u00e9 obrigat\u00f3rio )<\/label><textarea id=\"wpforms-4470-field_25\" class=\"wpforms-field-medium\" name=\"wpforms[fields][25]\" ><\/textarea><\/div><\/div><!-- .wpforms-field-container --><div class=\"wpforms-submit-container\" ><input type=\"hidden\" name=\"wpforms[id]\" value=\"4470\"><input type=\"hidden\" name=\"page_title\" value=\"\"><input type=\"hidden\" name=\"page_url\" value=\"https:\/\/pronaoscaraguatatuba.com.br\/index.php\/wp-json\/wp\/v2\/pages\/4474\"><input type=\"hidden\" name=\"url_referer\" value=\"\"><button type=\"submit\" name=\"wpforms[submit]\" id=\"wpforms-submit-4470\" class=\"wpforms-submit\" data-alt-text=\"Sending...\" data-submit-text=\"Submit\" aria-live=\"assertive\" value=\"wpforms-submit\">Submit<\/button><img decoding=\"async\" src=\"https:\/\/pronaoscaraguatatuba.com.br\/wp-content\/plugins\/wpforms-lite\/assets\/images\/submit-spin.svg\" class=\"wpforms-submit-spinner\" style=\"display: none;\" width=\"26\" height=\"26\" alt=\"Carregando\"><\/div><\/form><\/div>  <!-- .wpforms-container -->\n","protected":false},"excerpt":{"rendered":"","protected":false},"author":2,"featured_media":0,"parent":0,"menu_order":0,"comment_status":"closed","ping_status":"closed","template":"","meta":{"_eb_attr":"","om_disable_all_campaigns":false,"_monsterinsights_skip_tracking":false,"_monsterinsights_sitenote_active":false,"_monsterinsights_sitenote_note":"","_monsterinsights_sitenote_category":0,"site-sidebar-layout":"default","site-content-layout":"","ast-site-content-layout":"default","site-content-style":"default","site-sidebar-style":"default","ast-global-header-display":"","ast-banner-title-visibility":"","ast-main-header-display":"","ast-hfb-above-header-display":"","ast-hfb-below-header-display":"","ast-hfb-mobile-header-display":"","site-post-title":"","ast-breadcrumbs-content":"","ast-featured-img":"","footer-sml-layout":"","ast-disable-related-posts":"","theme-transparent-header-meta":"","adv-header-id-meta":"","stick-header-meta":"","header-above-stick-meta":"","header-main-stick-meta":"","header-below-stick-meta":"","astra-migrate-meta-layouts":"set","ast-page-background-enabled":"default","ast-page-background-meta":{"desktop":{"background-color":"","background-image":"","background-repeat":"repeat","background-position":"center center","background-size":"auto","background-attachment":"scroll","background-type":"","background-media":"","overlay-type":"","overlay-color":"","overlay-opacity":"","overlay-gradient":""},"tablet":{"background-color":"","background-image":"","background-repeat":"repeat","background-position":"center center","background-size":"auto","background-attachment":"scroll","background-type":"","background-media":"","overlay-type":"","overlay-color":"","overlay-opacity":"","overlay-gradient":""},"mobile":{"background-color":"","background-image":"","background-repeat":"repeat","background-position":"center center","background-size":"auto","background-attachment":"scroll","background-type":"","background-media":"","overlay-type":"","overlay-color":"","overlay-opacity":"","overlay-gradient":""}},"ast-content-background-meta":{"desktop":{"background-color":"var(--ast-global-color-5)","background-image":"","background-repeat":"repeat","background-position":"center center","background-size":"auto","background-attachment":"scroll","background-type":"","background-media":"","overlay-type":"","overlay-color":"","overlay-opacity":"","overlay-gradient":""},"tablet":{"background-color":"var(--ast-global-color-5)","background-image":"","background-repeat":"repeat","background-position":"center center","background-size":"auto","background-attachment":"scroll","background-type":"","background-media":"","overlay-type":"","overlay-color":"","overlay-opacity":"","overlay-gradient":""},"mobile":{"background-color":"var(--ast-global-color-5)","background-image":"","background-repeat":"repeat","background-position":"center center","background-size":"auto","background-attachment":"scroll","background-type":"","background-media":"","overlay-type":"","overlay-color":"","overlay-opacity":"","overlay-gradient":""}},"footnotes":""},"class_list":["post-4474","page","type-page","status-publish","hentry"],"aioseo_notices":[],"_links":{"self":[{"href":"https:\/\/pronaoscaraguatatuba.com.br\/index.php\/wp-json\/wp\/v2\/pages\/4474","targetHints":{"allow":["GET"]}}],"collection":[{"href":"https:\/\/pronaoscaraguatatuba.com.br\/index.php\/wp-json\/wp\/v2\/pages"}],"about":[{"href":"https:\/\/pronaoscaraguatatuba.com.br\/index.php\/wp-json\/wp\/v2\/types\/page"}],"author":[{"embeddable":true,"href":"https:\/\/pronaoscaraguatatuba.com.br\/index.php\/wp-json\/wp\/v2\/users\/2"}],"replies":[{"embeddable":true,"href":"https:\/\/pronaoscaraguatatuba.com.br\/index.php\/wp-json\/wp\/v2\/comments?post=4474"}],"version-history":[{"count":2,"href":"https:\/\/pronaoscaraguatatuba.com.br\/index.php\/wp-json\/wp\/v2\/pages\/4474\/revisions"}],"predecessor-version":[{"id":4843,"href":"https:\/\/pronaoscaraguatatuba.com.br\/index.php\/wp-json\/wp\/v2\/pages\/4474\/revisions\/4843"}],"wp:attachment":[{"href":"https:\/\/pronaoscaraguatatuba.com.br\/index.php\/wp-json\/wp\/v2\/media?parent=4474"}],"curies":[{"name":"wp","href":"https:\/\/api.w.org\/{rel}","templated":true}]}}