{"id":4538,"date":"2023-10-02T22:24:37","date_gmt":"2023-10-03T01:24:37","guid":{"rendered":"https:\/\/pronaoscaraguatatuba.com.br\/?page_id=4538"},"modified":"2024-03-24T22:05:24","modified_gmt":"2024-03-25T01:05:24","slug":"downloads-materia-palestra-egito","status":"publish","type":"page","link":"https:\/\/pronaoscaraguatatuba.com.br\/index.php\/downloads-materia-palestra-egito\/","title":{"rendered":"Downloads materia Palestra Egito"},"content":{"rendered":"\t\t<div data-elementor-type=\"wp-page\" data-elementor-id=\"4538\" class=\"elementor elementor-4538\">\n\t\t\t\t\t\t<section class=\"elementor-section elementor-top-section elementor-element elementor-element-46feedfa elementor-section-boxed elementor-section-height-default elementor-section-height-default\" data-id=\"46feedfa\" data-element_type=\"section\" data-e-type=\"section\">\n\t\t\t\t\t\t<div class=\"elementor-container elementor-column-gap-default\">\n\t\t\t\t\t<div class=\"elementor-column elementor-col-100 elementor-top-column elementor-element elementor-element-459a76f6\" data-id=\"459a76f6\" data-element_type=\"column\" data-e-type=\"column\">\n\t\t\t<div class=\"elementor-widget-wrap elementor-element-populated\">\n\t\t\t\t\t\t<div class=\"elementor-element elementor-element-1470596d elementor-widget elementor-widget-text-editor\" data-id=\"1470596d\" data-element_type=\"widget\" data-e-type=\"widget\" data-widget_type=\"text-editor.default\">\n\t\t\t\t<div class=\"elementor-widget-container\">\n\t\t\t\t\t\t\t\t\t\n<p class=\"has-black-color has-text-color\">N\u00e3o se assuste, caro buscador, este material para Download \u00e9 uma extens\u00e3o para os que querem se aprofundar um pouco mais no que foi insinuado ou falado&#8230; Mas mesmo se voc\u00ea n\u00e3o entende muito dos assuntos, como por exemplo, do funcionamento do c\u00e9rebro , o material disponibilizado \u00e9 tamb\u00e9m para leigos em sua grande maioria, exceto alguns que s\u00e3o teses de Mestrado e Doutorado, onde a linguagem \u00e9 mais cient\u00edfica&#8230; Por\u00e9m tentamos achar material sempre mais acess\u00edvel e na maioria d\u00e1 a partir deles pra adquirir conhecimento al\u00e9m do b\u00e1sico no assunto&#8230;<\/p>\n\n<p class=\"has-ast-global-color-8-color has-text-color\">clique abaixo para fazer o Download do pdf :<\/p>\n\n<p class=\"has-black-color has-text-color\">Como Foi falado na palestra, o arquivo abaixo \u00e9 um texto acad\u00eamico de Franciszek Sokolowski sobre as inscri\u00e7\u00f5es que ele chama de &#8220;artefato&#8221;, que comprovam o interc\u00e2mbio entre sacerdotes Gregos e Egipcios naquela \u00e9poca&#8230;<\/p>\n\n<div data-wp-interactive=\"core\/file\" class=\"wp-block-file\"><object data-wp-bind--hidden=\"!state.hasPdfPreview\" hidden class=\"wp-block-file__embed\" style=\"width: 100%; height: 600px;\" data=\"https:\/\/pronaoscaraguatatuba.com.br\/wp-content\/uploads\/2023\/10\/Propagacao-culto-de-isis-na-grecia.pdf\" type=\"application\/pdf\" width=\"300\" height=\"150\" aria-label=\"Incorporado de Propaga\u00e7\u00e3o culto de isis na grecia.\"><\/object><a id=\"wp-block-file--media-f360df27-e265-46b9-9e84-75dd8c8e35a7\" href=\"https:\/\/pronaoscaraguatatuba.com.br\/wp-content\/uploads\/2023\/10\/Propagacao-culto-de-isis-na-grecia.pdf\">Propaga\u00e7\u00e3o culto de isis na grecia<\/a><a class=\"wp-block-file__button wp-element-button\" href=\"https:\/\/pronaoscaraguatatuba.com.br\/wp-content\/uploads\/2023\/10\/Propagacao-culto-de-isis-na-grecia.pdf\" download=\"\" aria-describedby=\"wp-block-file--media-f360df27-e265-46b9-9e84-75dd8c8e35a7\">Baixar<\/a><\/div>\n\n<div class=\"wp-block-spacer\" style=\"height: 100px;\" aria-hidden=\"true\">\u00a0<\/div>\n\n<p class=\"has-black-color has-text-color\">Na tese de Mestrado abaixo, da Dra SABRINA KYOKO DE PAULA ASA, tem dados bastante interessantes para o esoterista&#8230; Onde na pg 41 constata que a pr\u00e1tica mental teve resultados iguais ou superiores a pratica fisica, onde nos remete a possibilidade de que apenas mentalizar pode ter sim seus resultados, comprovando as pr\u00e1ticas esot\u00e9ricas da mentaliza\u00e7\u00e3o para casos espec\u00edficos, n\u00e3o pra tudo, \u00e9 claro&#8230; Como \u00e9 artigo cient\u00edfico, sua leitura n\u00e3o \u00e9 das mais f\u00e1ceis&#8230;<\/p>\n\n<div data-wp-interactive=\"core\/file\" class=\"wp-block-file\"><object data-wp-bind--hidden=\"!state.hasPdfPreview\" hidden class=\"wp-block-file__embed\" style=\"width: 100%; height: 600px;\" data=\"https:\/\/pronaoscaraguatatuba.com.br\/wp-content\/uploads\/2023\/10\/Tese-Psicologia-SABRINA-KYOKO-DE-PAULA-ASA-USP-58pg.pdf\" type=\"application\/pdf\" width=\"300\" height=\"150\" aria-label=\"Incorporado de Tese-Psicologia-SABRINA-KYOKO-DE-PAULA-ASA-USP-58pg.\"><\/object><a id=\"wp-block-file--media-44b46dac-240f-4237-bc50-0f5ad53b8e9b\" href=\"https:\/\/pronaoscaraguatatuba.com.br\/wp-content\/uploads\/2023\/10\/Tese-Psicologia-SABRINA-KYOKO-DE-PAULA-ASA-USP-58pg.pdf\">Tese-Psicologia-SABRINA-KYOKO-DE-PAULA-ASA-USP-58pg<\/a><a class=\"wp-block-file__button wp-element-button\" href=\"https:\/\/pronaoscaraguatatuba.com.br\/wp-content\/uploads\/2023\/10\/Tese-Psicologia-SABRINA-KYOKO-DE-PAULA-ASA-USP-58pg.pdf\" download=\"\" aria-describedby=\"wp-block-file--media-44b46dac-240f-4237-bc50-0f5ad53b8e9b\">Baixar<\/a><\/div>\n\n<div class=\"wp-block-spacer\" style=\"height: 100px;\" aria-hidden=\"true\">\u00a0<\/div>\n\n<p class=\"has-black-color has-text-color\">Esta edi\u00e7\u00e3o da Revista Eletr\u00f4nica de Psicologia da FAEF, tem para nosso interesse suas pesquisas ( ele liderou a chamada &#8220;Revolu\u00e7\u00e3o Cognitiva&#8221;, e deu aulas em Harvard), nos deixando esta frase para exemplificar este artigo :<\/p>\n\n<p class=\"has-black-color has-text-color\">&#8220;Este modelo caracteriza um movimento que tem<br \/>origem no conhecimento do que j\u00e1 foi visto e vivenciado pelo indiv\u00edduo, para que a partir da\u00ed<br \/>descubra o conte\u00fado essencial que vai ser aprendido e incorpore significativamente esse<br \/>conhecimento em sua estrutura cognitiva.&#8221;<\/p>\n\n<p class=\"has-black-color has-text-color\">S\u00f3 esta frase j\u00e1 demonstra a atualidade do m\u00e9todo Rosacruz de ensino, que foi explicado na palestra, principalmente quando nos remete ao conte\u00fado interior como resultado dos experimentos e medita\u00e7\u00f5es&#8230;<\/p>\n\n<div data-wp-interactive=\"core\/file\" class=\"wp-block-file\"><object data-wp-bind--hidden=\"!state.hasPdfPreview\" hidden class=\"wp-block-file__embed\" style=\"width: 100%; height: 600px;\" data=\"https:\/\/pronaoscaraguatatuba.com.br\/wp-content\/uploads\/2023\/10\/Revista-cientifica-eletronica-da-FAEF-SP-CONCEPCOES-DE-JEROME-BRUNER-PARA-O-DESENVOLVIMENTO-15pg.pdf\" type=\"application\/pdf\" width=\"300\" height=\"150\" aria-label=\"Incorporado de Revista-cientifica-eletronica-da-FAEF-SP-CONCEPCOES-DE-JEROME-BRUNER-PARA-O-DESENVOLVIMENTO-15pg.\"><\/object><a id=\"wp-block-file--media-54d850c5-0449-4e46-9e5c-c241314c1589\" href=\"https:\/\/pronaoscaraguatatuba.com.br\/wp-content\/uploads\/2023\/10\/Revista-cientifica-eletronica-da-FAEF-SP-CONCEPCOES-DE-JEROME-BRUNER-PARA-O-DESENVOLVIMENTO-15pg.pdf\">Revista-cientifica-eletronica-da-FAEF-SP-CONCEPCOES-DE-JEROME-BRUNER-PARA-O-DESENVOLVIMENTO-15pg<\/a><a class=\"wp-block-file__button wp-element-button\" href=\"https:\/\/pronaoscaraguatatuba.com.br\/wp-content\/uploads\/2023\/10\/Revista-cientifica-eletronica-da-FAEF-SP-CONCEPCOES-DE-JEROME-BRUNER-PARA-O-DESENVOLVIMENTO-15pg.pdf\" download=\"\" aria-describedby=\"wp-block-file--media-54d850c5-0449-4e46-9e5c-c241314c1589\">Baixar<\/a><\/div>\n\n<p class=\"has-black-color has-text-color\">A mat\u00e9ria se refere ao ensino de ci\u00eancias, mas pode ser extendida para o caso que conversamos&#8230;<\/p>\n\n<div class=\"wp-block-spacer\" style=\"height: 100px;\" aria-hidden=\"true\">\u00a0<\/div>\n\n<p class=\"has-black-color has-text-color\">O link abaixo \u00e9 de um v\u00eddeo de apenas 02minutos, por\u00e9m resume em linguagem simples o b\u00e1sico das teorias que a neuroci\u00eancia nos traz a respeito do funcionamento do c\u00e9rebro e o processo de aprendizagem real ( mem\u00f3ria de longo prazo) do canal &#8220;Mais Aprendizagem&#8221; da Neurocientista Ana Lopez, f\u00e1cil de entender apesar de ser simplificado&#8230; Se quiser a teoria mais completa tem v\u00e1rios v\u00eddeos neste mesmo canal do Youtube&#8230; Est\u00e1 aqui pra voc\u00ea lembrar do que foi dito do m\u00e9todo Rosacruz e ver que ele est\u00e1 totalmente nos conformes com as concep\u00e7\u00f5es mais &#8220;modernas&#8221; da Neuroci\u00eancia&#8230;<\/p>\n\n<p><a href=\"https:\/\/www.youtube.com\/watch?v=J78c8cVDHHE\">https:\/\/www.youtube.com\/results?search_query=Como+o+C%C3%A9rebro+Aprende<\/a><\/p>\n\n<div class=\"wp-block-spacer\" style=\"height: 100px;\" aria-hidden=\"true\">\u00a0<\/div>\n\n<p class=\"has-black-color has-text-color\">O pr\u00f3ximo link \u00e9 da wiki sobre Kom Ombo, tem bem mais material do que em portugu\u00eas ou Espanhol&#8230;<\/p>\n\n<p><a href=\"https:\/\/en.wikipedia.org\/wiki\/Temple_of_Kom_Ombo\">https:\/\/en.wikipedia.org\/wiki\/Temple_of_Kom_Ombo<\/a><\/p>\n\t\t\t\t\t\t\t\t<\/div>\n\t\t\t\t<\/div>\n\t\t\t\t\t<\/div>\n\t\t<\/div>\n\t\t\t\t\t<\/div>\n\t\t<\/section>\n\t\t\t\t<section class=\"elementor-section elementor-top-section elementor-element elementor-element-14b05c6 elementor-section-boxed elementor-section-height-default elementor-section-height-default\" data-id=\"14b05c6\" data-element_type=\"section\" data-e-type=\"section\">\n\t\t\t\t\t\t<div class=\"elementor-container elementor-column-gap-default\">\n\t\t\t\t\t<div class=\"elementor-column elementor-col-100 elementor-top-column elementor-element elementor-element-d840c05\" data-id=\"d840c05\" data-element_type=\"column\" data-e-type=\"column\">\n\t\t\t<div class=\"elementor-widget-wrap elementor-element-populated\">\n\t\t\t\t\t\t<div class=\"elementor-element elementor-element-f937a26 elementor-widget elementor-widget-text-editor\" data-id=\"f937a26\" data-element_type=\"widget\" data-e-type=\"widget\" data-widget_type=\"text-editor.default\">\n\t\t\t\t<div class=\"elementor-widget-container\">\n\t\t\t\t\t\t\t\t\t<p>Aqui termina o material de apoio para esta palestra, lembramos que todo material \u00e9 disponibilizado gratuitamente na WEB, e com o passar do tempo, talvez possamos encontrar mais material para ilustrar e alicer\u00e7ar cientificamente as ideias expostas&#8230; Grato pela aten\u00e7\u00e3o !!!! Paz Profunda !<\/p>\t\t\t\t\t\t\t\t<\/div>\n\t\t\t\t<\/div>\n\t\t\t\t\t<\/div>\n\t\t<\/div>\n\t\t\t\t\t<\/div>\n\t\t<\/section>\n\t\t\t\t<\/div>\n\t\t","protected":false},"excerpt":{"rendered":"<p>N\u00e3o se assuste, caro buscador, este material para Download \u00e9 uma extens\u00e3o para os que querem se aprofundar um pouco mais no que foi insinuado ou falado&#8230; Mas mesmo se voc\u00ea n\u00e3o entende muito dos assuntos, como por exemplo, do funcionamento do c\u00e9rebro , o material disponibilizado \u00e9 tamb\u00e9m para leigos em sua grande maioria, [&hellip;]<\/p>\n","protected":false},"author":2,"featured_media":0,"parent":0,"menu_order":0,"comment_status":"closed","ping_status":"closed","template":"","meta":{"_eb_attr":"","om_disable_all_campaigns":false,"_monsterinsights_skip_tracking":false,"_monsterinsights_sitenote_active":false,"_monsterinsights_sitenote_note":"","_monsterinsights_sitenote_category":0,"site-sidebar-layout":"default","site-content-layout":"","ast-site-content-layout":"default","site-content-style":"default","site-sidebar-style":"default","ast-global-header-display":"","ast-banner-title-visibility":"","ast-main-header-display":"","ast-hfb-above-header-display":"","ast-hfb-below-header-display":"","ast-hfb-mobile-header-display":"","site-post-title":"","ast-breadcrumbs-content":"","ast-featured-img":"","footer-sml-layout":"","ast-disable-related-posts":"","theme-transparent-header-meta":"","adv-header-id-meta":"","stick-header-meta":"","header-above-stick-meta":"","header-main-stick-meta":"","header-below-stick-meta":"","astra-migrate-meta-layouts":"set","ast-page-background-enabled":"default","ast-page-background-meta":{"desktop":{"background-color":"","background-image":"","background-repeat":"repeat","background-position":"center center","background-size":"auto","background-attachment":"scroll","background-type":"","background-media":"","overlay-type":"","overlay-color":"","overlay-opacity":"","overlay-gradient":""},"tablet":{"background-color":"","background-image":"","background-repeat":"repeat","background-position":"center center","background-size":"auto","background-attachment":"scroll","background-type":"","background-media":"","overlay-type":"","overlay-color":"","overlay-opacity":"","overlay-gradient":""},"mobile":{"background-color":"","background-image":"","background-repeat":"repeat","background-position":"center center","background-size":"auto","background-attachment":"scroll","background-type":"","background-media":"","overlay-type":"","overlay-color":"","overlay-opacity":"","overlay-gradient":""}},"ast-content-background-meta":{"desktop":{"background-color":"var(--ast-global-color-5)","background-image":"","background-repeat":"repeat","background-position":"center center","background-size":"auto","background-attachment":"scroll","background-type":"","background-media":"","overlay-type":"","overlay-color":"","overlay-opacity":"","overlay-gradient":""},"tablet":{"background-color":"var(--ast-global-color-5)","background-image":"","background-repeat":"repeat","background-position":"center center","background-size":"auto","background-attachment":"scroll","background-type":"","background-media":"","overlay-type":"","overlay-color":"","overlay-opacity":"","overlay-gradient":""},"mobile":{"background-color":"var(--ast-global-color-5)","background-image":"","background-repeat":"repeat","background-position":"center center","background-size":"auto","background-attachment":"scroll","background-type":"","background-media":"","overlay-type":"","overlay-color":"","overlay-opacity":"","overlay-gradient":""}},"footnotes":""},"class_list":["post-4538","page","type-page","status-publish","hentry"],"aioseo_notices":[],"_links":{"self":[{"href":"https:\/\/pronaoscaraguatatuba.com.br\/index.php\/wp-json\/wp\/v2\/pages\/4538","targetHints":{"allow":["GET"]}}],"collection":[{"href":"https:\/\/pronaoscaraguatatuba.com.br\/index.php\/wp-json\/wp\/v2\/pages"}],"about":[{"href":"https:\/\/pronaoscaraguatatuba.com.br\/index.php\/wp-json\/wp\/v2\/types\/page"}],"author":[{"embeddable":true,"href":"https:\/\/pronaoscaraguatatuba.com.br\/index.php\/wp-json\/wp\/v2\/users\/2"}],"replies":[{"embeddable":true,"href":"https:\/\/pronaoscaraguatatuba.com.br\/index.php\/wp-json\/wp\/v2\/comments?post=4538"}],"version-history":[{"count":22,"href":"https:\/\/pronaoscaraguatatuba.com.br\/index.php\/wp-json\/wp\/v2\/pages\/4538\/revisions"}],"predecessor-version":[{"id":4606,"href":"https:\/\/pronaoscaraguatatuba.com.br\/index.php\/wp-json\/wp\/v2\/pages\/4538\/revisions\/4606"}],"wp:attachment":[{"href":"https:\/\/pronaoscaraguatatuba.com.br\/index.php\/wp-json\/wp\/v2\/media?parent=4538"}],"curies":[{"name":"wp","href":"https:\/\/api.w.org\/{rel}","templated":true}]}}